{"id":232,"date":"2024-03-31T12:09:39","date_gmt":"2024-03-31T12:09:39","guid":{"rendered":"http:\/\/lavita-biblis.de\/?page_id=232"},"modified":"2024-04-01T12:45:50","modified_gmt":"2024-04-01T12:45:50","slug":"impressum","status":"publish","type":"page","link":"https:\/\/lavita-biblis.de\/pflegeprofis\/pflegeprofis\/impressum\/","title":{"rendered":"Impressum"},"content":{"rendered":"\t\t<div data-elementor-type=\"wp-page\" data-elementor-id=\"232\" class=\"elementor elementor-232\">\n\t\t\t\t\t\t<section class=\"elementor-section elementor-top-section elementor-element elementor-element-7ed75b23 elementor-section-boxed elementor-section-height-default elementor-section-height-default\" data-id=\"7ed75b23\" data-element_type=\"section\" id=\"ansprechpartner\">\n\t\t\t\t\t\t<div class=\"elementor-container elementor-column-gap-default\">\n\t\t\t\t\t<div class=\"elementor-column elementor-col-100 elementor-top-column elementor-element elementor-element-231fc29d\" data-id=\"231fc29d\" data-element_type=\"column\">\n\t\t\t<div class=\"elementor-widget-wrap elementor-element-populated\">\n\t\t\t\t\t\t<div class=\"elementor-element elementor-element-5837bba1 elementor-widget elementor-widget-heading\" data-id=\"5837bba1\" data-element_type=\"widget\" data-widget_type=\"heading.default\">\n\t\t\t\t<div class=\"elementor-widget-container\">\n\t\t\t<style>\/*! elementor - v3.21.0 - 26-05-2024 *\/\n.elementor-heading-title{padding:0;margin:0;line-height:1}.elementor-widget-heading .elementor-heading-title[class*=elementor-size-]>a{color:inherit;font-size:inherit;line-height:inherit}.elementor-widget-heading .elementor-heading-title.elementor-size-small{font-size:15px}.elementor-widget-heading .elementor-heading-title.elementor-size-medium{font-size:19px}.elementor-widget-heading .elementor-heading-title.elementor-size-large{font-size:29px}.elementor-widget-heading .elementor-heading-title.elementor-size-xl{font-size:39px}.elementor-widget-heading .elementor-heading-title.elementor-size-xxl{font-size:59px}<\/style><h2 class=\"elementor-heading-title elementor-size-default\">Impressum<\/h2>\t\t<\/div>\n\t\t\t\t<\/div>\n\t\t\t\t<div class=\"elementor-element elementor-element-7c07074 elementor-widget elementor-widget-text-editor\" data-id=\"7c07074\" data-element_type=\"widget\" data-widget_type=\"text-editor.default\">\n\t\t\t\t<div class=\"elementor-widget-container\">\n\t\t\t<style>\/*! elementor - v3.21.0 - 26-05-2024 *\/\n.elementor-widget-text-editor.elementor-drop-cap-view-stacked .elementor-drop-cap{background-color:#69727d;color:#fff}.elementor-widget-text-editor.elementor-drop-cap-view-framed .elementor-drop-cap{color:#69727d;border:3px solid;background-color:transparent}.elementor-widget-text-editor:not(.elementor-drop-cap-view-default) .elementor-drop-cap{margin-top:8px}.elementor-widget-text-editor:not(.elementor-drop-cap-view-default) .elementor-drop-cap-letter{width:1em;height:1em}.elementor-widget-text-editor .elementor-drop-cap{float:left;text-align:center;line-height:1;font-size:50px}.elementor-widget-text-editor .elementor-drop-cap-letter{display:inline-block}<\/style>\t\t\t\t<h3>Angaben gem\u00e4\u00df \u00a7 5 TMG<\/h3><p>LaVita GmbH<\/p><p>Wattenheimer Stra\u00dfe 56 A<br \/>668647 Biblis<\/p><p>Gesch\u00e4ftsf\u00fchrer: Lidia Capizzi, Salvatore Capizzi<br \/><br \/>Amtsgericht Darmstadt HRB 104838<\/p><h3>Kontakt<\/h3><p>E-Mail: <a href=\"mailto:info@lavita-biblis.de\">info@lavita-biblis.de<\/a><\/p><h3>EU-Streitschlichtung<\/h3><p>Die Europ\u00e4ische Kommission stellt eine Plattform zur Online-Streitbeilegung (OS) bereit: <a href=\"https:\/\/ec.europa.eu\/consumers\/odr\/\" target=\"_blank\" rel=\"noopener noreferrer\">https:\/\/ec.europa.eu\/consumers\/odr\/<\/a>.<br \/>Unsere E-Mail-Adresse finden Sie oben im Impressum.<\/p><p>\u00a0<\/p>\t\t\t\t\t\t<\/div>\n\t\t\t\t<\/div>\n\t\t\t\t\t<\/div>\n\t\t<\/div>\n\t\t\t\t\t<\/div>\n\t\t<\/section>\n\t\t\t\t<section class=\"elementor-section elementor-top-section elementor-element elementor-element-68a90fca elementor-section-boxed elementor-section-height-default elementor-section-height-default\" data-id=\"68a90fca\" data-element_type=\"section\" data-settings=\"{&quot;background_background&quot;:&quot;classic&quot;}\">\n\t\t\t\t\t\t<div class=\"elementor-container elementor-column-gap-default\">\n\t\t\t\t\t<div class=\"elementor-column elementor-col-33 elementor-top-column elementor-element elementor-element-5abacd65\" data-id=\"5abacd65\" data-element_type=\"column\">\n\t\t\t<div class=\"elementor-widget-wrap elementor-element-populated\">\n\t\t\t\t\t\t<div class=\"elementor-element elementor-element-60adefd8 elementor-widget elementor-widget-heading\" data-id=\"60adefd8\" data-element_type=\"widget\" data-widget_type=\"heading.default\">\n\t\t\t\t<div class=\"elementor-widget-container\">\n\t\t\t<h2 class=\"elementor-heading-title elementor-size-default\">Adresse<\/h2>\t\t<\/div>\n\t\t\t\t<\/div>\n\t\t\t\t<div class=\"elementor-element elementor-element-1e7bf7c6 elementor-widget elementor-widget-text-editor\" data-id=\"1e7bf7c6\" data-element_type=\"widget\" data-widget_type=\"text-editor.default\">\n\t\t\t\t<div class=\"elementor-widget-container\">\n\t\t\t\t\t\t\t<p>LaVita GmbH<\/p><p>Ambulanter Pflegedienst<\/p><p>Wattenheimer Stra\u00dfe 56 A<br \/>68647 Biblis<\/p>\t\t\t\t\t\t<\/div>\n\t\t\t\t<\/div>\n\t\t\t\t\t<\/div>\n\t\t<\/div>\n\t\t\t\t<div class=\"elementor-column elementor-col-33 elementor-top-column elementor-element elementor-element-6fada529\" data-id=\"6fada529\" data-element_type=\"column\">\n\t\t\t<div class=\"elementor-widget-wrap elementor-element-populated\">\n\t\t\t\t\t\t<div class=\"elementor-element elementor-element-a7d9753 elementor-widget elementor-widget-heading\" data-id=\"a7d9753\" data-element_type=\"widget\" data-widget_type=\"heading.default\">\n\t\t\t\t<div class=\"elementor-widget-container\">\n\t\t\t<h2 class=\"elementor-heading-title elementor-size-default\">Kontakt<\/h2>\t\t<\/div>\n\t\t\t\t<\/div>\n\t\t\t\t<section class=\"elementor-section elementor-inner-section elementor-element elementor-element-4276c054 elementor-section-boxed elementor-section-height-default elementor-section-height-default\" data-id=\"4276c054\" data-element_type=\"section\">\n\t\t\t\t\t\t<div class=\"elementor-container elementor-column-gap-no\">\n\t\t\t\t\t<div class=\"elementor-column elementor-col-50 elementor-inner-column elementor-element elementor-element-4130fd7a\" data-id=\"4130fd7a\" data-element_type=\"column\">\n\t\t\t<div class=\"elementor-widget-wrap elementor-element-populated\">\n\t\t\t\t\t\t<div class=\"elementor-element elementor-element-4f39b29b elementor-icon-list--layout-traditional elementor-list-item-link-full_width elementor-widget elementor-widget-icon-list\" data-id=\"4f39b29b\" data-element_type=\"widget\" data-widget_type=\"icon-list.default\">\n\t\t\t\t<div class=\"elementor-widget-container\">\n\t\t\t<link rel=\"stylesheet\" href=\"http:\/\/lavita-biblis.de\/wp-content\/plugins\/elementor\/assets\/css\/widget-icon-list.min.css\">\t\t<ul class=\"elementor-icon-list-items\">\n\t\t\t\t\t\t\t<li class=\"elementor-icon-list-item\">\n\t\t\t\t\t\t\t\t\t\t\t<a href=\"mailto:info@lavita-biblis.de\">\n\n\t\t\t\t\t\t\t\t\t\t\t\t<span class=\"elementor-icon-list-icon\">\n\t\t\t\t\t\t\t<i aria-hidden=\"true\" class=\"fas fa-envelope\"><\/i>\t\t\t\t\t\t<\/span>\n\t\t\t\t\t\t\t\t\t\t<span class=\"elementor-icon-list-text\">info@lavita-biblis.de<\/span>\n\t\t\t\t\t\t\t\t\t\t\t<\/a>\n\t\t\t\t\t\t\t\t\t<\/li>\n\t\t\t\t\t\t\t\t<li class=\"elementor-icon-list-item\">\n\t\t\t\t\t\t\t\t\t\t\t<span class=\"elementor-icon-list-icon\">\n\t\t\t\t\t\t\t<i aria-hidden=\"true\" class=\"fas fa-fax\"><\/i>\t\t\t\t\t\t<\/span>\n\t\t\t\t\t\t\t\t\t\t<span class=\"elementor-icon-list-text\">+49 (0) 6245 2989149<\/span>\n\t\t\t\t\t\t\t\t\t<\/li>\n\t\t\t\t\t\t\t\t<li class=\"elementor-icon-list-item\">\n\t\t\t\t\t\t\t\t\t\t\t<span class=\"elementor-icon-list-icon\">\n\t\t\t\t\t\t\t<i aria-hidden=\"true\" class=\"fas fa-phone-alt\"><\/i>\t\t\t\t\t\t<\/span>\n\t\t\t\t\t\t\t\t\t\t<span class=\"elementor-icon-list-text\">+49 (0) 6245 200 9684<\/span>\n\t\t\t\t\t\t\t\t\t<\/li>\n\t\t\t\t\t\t<\/ul>\n\t\t\t\t<\/div>\n\t\t\t\t<\/div>\n\t\t\t\t\t<\/div>\n\t\t<\/div>\n\t\t\t\t<div class=\"elementor-column elementor-col-50 elementor-inner-column elementor-element elementor-element-d853862\" data-id=\"d853862\" data-element_type=\"column\">\n\t\t\t<div class=\"elementor-widget-wrap elementor-element-populated\">\n\t\t\t\t\t\t<div class=\"elementor-element elementor-element-21bda294 elementor-widget elementor-widget-text-editor\" data-id=\"21bda294\" data-element_type=\"widget\" data-widget_type=\"text-editor.default\">\n\t\t\t\t<div class=\"elementor-widget-container\">\n\t\t\t\t\t\t\t<p><b>Telefonische Erreichbarkeit<br \/><\/b>T\u00e4glich<br \/>08:00 &#8211; 18:00 Uhr<\/p>\t\t\t\t\t\t<\/div>\n\t\t\t\t<\/div>\n\t\t\t\t\t<\/div>\n\t\t<\/div>\n\t\t\t\t\t<\/div>\n\t\t<\/section>\n\t\t\t\t\t<\/div>\n\t\t<\/div>\n\t\t\t\t<div class=\"elementor-column elementor-col-33 elementor-top-column elementor-element elementor-element-28a48fd5\" data-id=\"28a48fd5\" data-element_type=\"column\">\n\t\t\t<div class=\"elementor-widget-wrap elementor-element-populated\">\n\t\t\t\t\t\t<div class=\"elementor-element elementor-element-743ece63 elementor-widget elementor-widget-heading\" data-id=\"743ece63\" data-element_type=\"widget\" data-widget_type=\"heading.default\">\n\t\t\t\t<div class=\"elementor-widget-container\">\n\t\t\t<h2 class=\"elementor-heading-title elementor-size-default\">\u00d6ffnungszeiten<\/h2>\t\t<\/div>\n\t\t\t\t<\/div>\n\t\t\t\t<div class=\"elementor-element elementor-element-3e159448 elementor-widget elementor-widget-text-editor\" data-id=\"3e159448\" data-element_type=\"widget\" data-widget_type=\"text-editor.default\">\n\t\t\t\t<div class=\"elementor-widget-container\">\n\t\t\t\t\t\t\t<p><b>B\u00fcro<br \/><\/b>Montag &#8211; Freitag<br \/>08:00 &#8211; 16:30 Uhr<\/p>\t\t\t\t\t\t<\/div>\n\t\t\t\t<\/div>\n\t\t\t\t\t<\/div>\n\t\t<\/div>\n\t\t\t\t\t<\/div>\n\t\t<\/section>\n\t\t\t\t<\/div>\n\t\t","protected":false},"excerpt":{"rendered":"<p>Impressum Angaben gem\u00e4\u00df \u00a7 5 TMG LaVita GmbH Wattenheimer Stra\u00dfe 56 A668647 Biblis Gesch\u00e4ftsf\u00fchrer: Lidia Capizzi, Salvatore Capizzi Amtsgericht Darmstadt HRB 104838 Kontakt E-Mail: info@lavita-biblis.de EU-Streitschlichtung Die Europ\u00e4ische Kommission stellt eine Plattform zur Online-Streitbeilegung (OS) bereit: https:\/\/ec.europa.eu\/consumers\/odr\/.Unsere E-Mail-Adresse finden Sie oben im Impressum. \u00a0 Adresse LaVita GmbH Ambulanter Pflegedienst Wattenheimer Stra\u00dfe 56 A68647 Biblis Kontakt &hellip;<\/p>\n<p class=\"read-more\"> <a class=\"\" href=\"https:\/\/lavita-biblis.de\/pflegeprofis\/pflegeprofis\/impressum\/\"> <span class=\"screen-reader-text\">Impressum<\/span> Weiterlesen &raquo;<\/a><\/p>\n","protected":false},"author":1,"featured_media":0,"parent":24,"menu_order":7,"comment_status":"closed","ping_status":"closed","template":"","meta":{"inline_featured_image":false,"site-sidebar-layout":"no-sidebar","site-content-layout":"page-builder","ast-main-header-display":"","ast-hfb-above-header-display":"","ast-hfb-below-header-display":"","ast-hfb-mobile-header-display":"","site-post-title":"disabled","ast-breadcrumbs-content":"","ast-featured-img":"disabled","footer-sml-layout":"","theme-transparent-header-meta":"","adv-header-id-meta":"","stick-header-meta":"","header-above-stick-meta":"","header-main-stick-meta":"","header-below-stick-meta":"","footnotes":""},"class_list":["post-232","page","type-page","status-publish","hentry"],"yoast_head":"<!-- This site is optimized with the Yoast SEO plugin v22.8 - https:\/\/yoast.com\/wordpress\/plugins\/seo\/ -->\n<title>Impressum | La Vita GmbH<\/title>\n<meta name=\"description\" content=\"Alle relevanten Daten auf einer Seite - das Impressum des La Vita GmbH\" \/>\n<meta name=\"robots\" content=\"noindex, follow\" \/>\n<meta property=\"og:locale\" content=\"de_DE\" \/>\n<meta property=\"og:type\" content=\"article\" \/>\n<meta property=\"og:title\" content=\"Impressum | La Vita GmbH\" \/>\n<meta property=\"og:description\" content=\"Alle relevanten Daten auf einer Seite - das Impressum des La Vita GmbH\" \/>\n<meta property=\"og:url\" content=\"https:\/\/lavita-biblis.de\/pflegeprofis\/pflegeprofis\/impressum\/\" \/>\n<meta property=\"og:site_name\" content=\"La Vita GmbH\" \/>\n<meta property=\"article:publisher\" content=\"https:\/\/www.facebook.com\/pflege.lavita\/\" \/>\n<meta property=\"article:modified_time\" content=\"2024-04-01T12:45:50+00:00\" \/>\n<meta name=\"twitter:card\" content=\"summary_large_image\" \/>\n<meta name=\"twitter:label1\" content=\"Gesch\u00e4tzte Lesezeit\" \/>\n\t<meta name=\"twitter:data1\" content=\"1\u00a0Minute\" \/>\n<script type=\"application\/ld+json\" class=\"yoast-schema-graph\">{\"@context\":\"https:\/\/schema.org\",\"@graph\":[{\"@type\":\"WebPage\",\"@id\":\"https:\/\/lavita-biblis.de\/pflegeprofis\/pflegeprofis\/impressum\/\",\"url\":\"https:\/\/lavita-biblis.de\/pflegeprofis\/pflegeprofis\/impressum\/\",\"name\":\"Impressum | La Vita GmbH\",\"isPartOf\":{\"@id\":\"https:\/\/lavita-biblis.de\/pflegeprofis\/#website\"},\"datePublished\":\"2024-03-31T12:09:39+00:00\",\"dateModified\":\"2024-04-01T12:45:50+00:00\",\"description\":\"Alle relevanten Daten auf einer Seite - das Impressum des La Vita GmbH\",\"breadcrumb\":{\"@id\":\"https:\/\/lavita-biblis.de\/pflegeprofis\/pflegeprofis\/impressum\/#breadcrumb\"},\"inLanguage\":\"de\",\"potentialAction\":[{\"@type\":\"ReadAction\",\"target\":[\"https:\/\/lavita-biblis.de\/pflegeprofis\/pflegeprofis\/impressum\/\"]}]},{\"@type\":\"BreadcrumbList\",\"@id\":\"https:\/\/lavita-biblis.de\/pflegeprofis\/pflegeprofis\/impressum\/#breadcrumb\",\"itemListElement\":[{\"@type\":\"ListItem\",\"position\":1,\"name\":\"Startseite\",\"item\":\"https:\/\/lavita-biblis.de\/pflegeprofis\/\"},{\"@type\":\"ListItem\",\"position\":2,\"name\":\"Weil es Zuhause am sch\u00f6nsten ist\",\"item\":\"https:\/\/lavita-biblis.de\/pflegeprofis\/\"},{\"@type\":\"ListItem\",\"position\":3,\"name\":\"Impressum\"}]},{\"@type\":\"WebSite\",\"@id\":\"https:\/\/lavita-biblis.de\/pflegeprofis\/#website\",\"url\":\"https:\/\/lavita-biblis.de\/pflegeprofis\/\",\"name\":\"La Vita GmbH\",\"description\":\"ambulanter Pflegedienst\",\"publisher\":{\"@id\":\"https:\/\/lavita-biblis.de\/pflegeprofis\/#organization\"},\"potentialAction\":[{\"@type\":\"SearchAction\",\"target\":{\"@type\":\"EntryPoint\",\"urlTemplate\":\"https:\/\/lavita-biblis.de\/pflegeprofis\/?s={search_term_string}\"},\"query-input\":\"required name=search_term_string\"}],\"inLanguage\":\"de\"},{\"@type\":\"Organization\",\"@id\":\"https:\/\/lavita-biblis.de\/pflegeprofis\/#organization\",\"name\":\"La Vita GmbH\",\"url\":\"https:\/\/lavita-biblis.de\/pflegeprofis\/\",\"logo\":{\"@type\":\"ImageObject\",\"inLanguage\":\"de\",\"@id\":\"https:\/\/lavita-biblis.de\/pflegeprofis\/#\/schema\/logo\/image\/\",\"url\":\"https:\/\/lavita-biblis.de\/wp-content\/uploads\/2023\/05\/cropped-icon_lavita.jpg\",\"contentUrl\":\"https:\/\/lavita-biblis.de\/wp-content\/uploads\/2023\/05\/cropped-icon_lavita.jpg\",\"width\":234,\"height\":245,\"caption\":\"La Vita GmbH\"},\"image\":{\"@id\":\"https:\/\/lavita-biblis.de\/pflegeprofis\/#\/schema\/logo\/image\/\"},\"sameAs\":[\"https:\/\/www.facebook.com\/pflege.lavita\/\"]}]}<\/script>\n<!-- \/ Yoast SEO plugin. -->","yoast_head_json":{"title":"Impressum | La Vita GmbH","description":"Alle relevanten Daten auf einer Seite - das Impressum des La Vita GmbH","robots":{"index":"noindex","follow":"follow"},"og_locale":"de_DE","og_type":"article","og_title":"Impressum | La Vita GmbH","og_description":"Alle relevanten Daten auf einer Seite - das Impressum des La Vita GmbH","og_url":"https:\/\/lavita-biblis.de\/pflegeprofis\/pflegeprofis\/impressum\/","og_site_name":"La Vita GmbH","article_publisher":"https:\/\/www.facebook.com\/pflege.lavita\/","article_modified_time":"2024-04-01T12:45:50+00:00","twitter_card":"summary_large_image","twitter_misc":{"Gesch\u00e4tzte Lesezeit":"1\u00a0Minute"},"schema":{"@context":"https:\/\/schema.org","@graph":[{"@type":"WebPage","@id":"https:\/\/lavita-biblis.de\/pflegeprofis\/pflegeprofis\/impressum\/","url":"https:\/\/lavita-biblis.de\/pflegeprofis\/pflegeprofis\/impressum\/","name":"Impressum | La Vita GmbH","isPartOf":{"@id":"https:\/\/lavita-biblis.de\/pflegeprofis\/#website"},"datePublished":"2024-03-31T12:09:39+00:00","dateModified":"2024-04-01T12:45:50+00:00","description":"Alle relevanten Daten auf einer Seite - das Impressum des La Vita GmbH","breadcrumb":{"@id":"https:\/\/lavita-biblis.de\/pflegeprofis\/pflegeprofis\/impressum\/#breadcrumb"},"inLanguage":"de","potentialAction":[{"@type":"ReadAction","target":["https:\/\/lavita-biblis.de\/pflegeprofis\/pflegeprofis\/impressum\/"]}]},{"@type":"BreadcrumbList","@id":"https:\/\/lavita-biblis.de\/pflegeprofis\/pflegeprofis\/impressum\/#breadcrumb","itemListElement":[{"@type":"ListItem","position":1,"name":"Startseite","item":"https:\/\/lavita-biblis.de\/pflegeprofis\/"},{"@type":"ListItem","position":2,"name":"Weil es Zuhause am sch\u00f6nsten ist","item":"https:\/\/lavita-biblis.de\/pflegeprofis\/"},{"@type":"ListItem","position":3,"name":"Impressum"}]},{"@type":"WebSite","@id":"https:\/\/lavita-biblis.de\/pflegeprofis\/#website","url":"https:\/\/lavita-biblis.de\/pflegeprofis\/","name":"La Vita GmbH","description":"ambulanter Pflegedienst","publisher":{"@id":"https:\/\/lavita-biblis.de\/pflegeprofis\/#organization"},"potentialAction":[{"@type":"SearchAction","target":{"@type":"EntryPoint","urlTemplate":"https:\/\/lavita-biblis.de\/pflegeprofis\/?s={search_term_string}"},"query-input":"required name=search_term_string"}],"inLanguage":"de"},{"@type":"Organization","@id":"https:\/\/lavita-biblis.de\/pflegeprofis\/#organization","name":"La Vita GmbH","url":"https:\/\/lavita-biblis.de\/pflegeprofis\/","logo":{"@type":"ImageObject","inLanguage":"de","@id":"https:\/\/lavita-biblis.de\/pflegeprofis\/#\/schema\/logo\/image\/","url":"https:\/\/lavita-biblis.de\/wp-content\/uploads\/2023\/05\/cropped-icon_lavita.jpg","contentUrl":"https:\/\/lavita-biblis.de\/wp-content\/uploads\/2023\/05\/cropped-icon_lavita.jpg","width":234,"height":245,"caption":"La Vita GmbH"},"image":{"@id":"https:\/\/lavita-biblis.de\/pflegeprofis\/#\/schema\/logo\/image\/"},"sameAs":["https:\/\/www.facebook.com\/pflege.lavita\/"]}]}},"_links":{"self":[{"href":"https:\/\/lavita-biblis.de\/pflegeprofis\/wp-json\/wp\/v2\/pages\/232","targetHints":{"allow":["GET"]}}],"collection":[{"href":"https:\/\/lavita-biblis.de\/pflegeprofis\/wp-json\/wp\/v2\/pages"}],"about":[{"href":"https:\/\/lavita-biblis.de\/pflegeprofis\/wp-json\/wp\/v2\/types\/page"}],"author":[{"embeddable":true,"href":"https:\/\/lavita-biblis.de\/pflegeprofis\/wp-json\/wp\/v2\/users\/1"}],"replies":[{"embeddable":true,"href":"https:\/\/lavita-biblis.de\/pflegeprofis\/wp-json\/wp\/v2\/comments?post=232"}],"version-history":[{"count":30,"href":"https:\/\/lavita-biblis.de\/pflegeprofis\/wp-json\/wp\/v2\/pages\/232\/revisions"}],"predecessor-version":[{"id":654,"href":"https:\/\/lavita-biblis.de\/pflegeprofis\/wp-json\/wp\/v2\/pages\/232\/revisions\/654"}],"up":[{"embeddable":true,"href":"https:\/\/lavita-biblis.de\/pflegeprofis\/wp-json\/wp\/v2\/pages\/24"}],"wp:attachment":[{"href":"https:\/\/lavita-biblis.de\/pflegeprofis\/wp-json\/wp\/v2\/media?parent=232"}],"curies":[{"name":"wp","href":"https:\/\/api.w.org\/{rel}","templated":true}]}}